{"id":134,"date":"2025-11-02T11:02:25","date_gmt":"2025-11-02T10:02:25","guid":{"rendered":"https:\/\/ovwo.artpix.ch\/?page_id=134"},"modified":"2025-11-02T11:02:26","modified_gmt":"2025-11-02T10:02:26","slug":"vogelschutz","status":"publish","type":"page","link":"https:\/\/ovwo.artpix.ch\/index.php\/vogelschutz\/","title":{"rendered":"Vogelschutz"},"content":{"rendered":"\n<p>Neben der Kleintierhaltung tun wir auch einiges f\u00fcr den Vogelschutz.<\/p>\n\n\n\n<p>Wir haben Nistk\u00e4sten in den W\u00e4ldern von Wiedlisbach und Oberbipp, welche wir unterhalten und j\u00e4hrlich reinigen.<\/p>\n","protected":false},"excerpt":{"rendered":"<p>Neben der Kleintierhaltung tun wir auch einiges f\u00fcr den Vogelschutz. Wir haben Nistk\u00e4sten in den W\u00e4ldern von Wiedlisbach und Oberbipp, welche wir unterhalten und j\u00e4hrlich reinigen.<\/p>\n","protected":false},"author":1,"featured_media":0,"parent":0,"menu_order":0,"comment_status":"closed","ping_status":"closed","template":"","meta":{"footnotes":""},"class_list":["post-134","page","type-page","status-publish","hentry"],"yoast_head":"<!-- This site is optimized with the Yoast SEO plugin v27.4 - https:\/\/yoast.com\/product\/yoast-seo-wordpress\/ -->\n<title>Vogelschutz - OV Wiedlisbach-Oberbipp<\/title>\n<meta name=\"robots\" content=\"index, follow, max-snippet:-1, max-image-preview:large, max-video-preview:-1\" \/>\n<link rel=\"canonical\" href=\"https:\/\/ovwo.artpix.ch\/index.php\/vogelschutz\/\" \/>\n<meta property=\"og:locale\" content=\"de_DE\" \/>\n<meta property=\"og:type\" content=\"article\" \/>\n<meta property=\"og:title\" content=\"Vogelschutz - OV Wiedlisbach-Oberbipp\" \/>\n<meta property=\"og:description\" content=\"Neben der Kleintierhaltung tun wir auch einiges f\u00fcr den Vogelschutz. Wir haben Nistk\u00e4sten in den W\u00e4ldern von Wiedlisbach und Oberbipp, welche wir unterhalten und j\u00e4hrlich reinigen.\" \/>\n<meta property=\"og:url\" content=\"https:\/\/ovwo.artpix.ch\/index.php\/vogelschutz\/\" \/>\n<meta property=\"og:site_name\" content=\"OV Wiedlisbach-Oberbipp\" \/>\n<meta property=\"article:modified_time\" content=\"2025-11-02T10:02:26+00:00\" \/>\n<meta name=\"twitter:card\" content=\"summary_large_image\" \/>\n<meta name=\"twitter:label1\" content=\"Gesch\u00e4tzte Lesezeit\" \/>\n\t<meta name=\"twitter:data1\" content=\"1\u00a0Minute\" \/>\n<script type=\"application\/ld+json\" class=\"yoast-schema-graph\">{\"@context\":\"https:\\\/\\\/schema.org\",\"@graph\":[{\"@type\":\"WebPage\",\"@id\":\"https:\\\/\\\/ovwo.artpix.ch\\\/index.php\\\/vogelschutz\\\/\",\"url\":\"https:\\\/\\\/ovwo.artpix.ch\\\/index.php\\\/vogelschutz\\\/\",\"name\":\"Vogelschutz - OV Wiedlisbach-Oberbipp\",\"isPartOf\":{\"@id\":\"https:\\\/\\\/ovwo.artpix.ch\\\/#website\"},\"datePublished\":\"2025-11-02T10:02:25+00:00\",\"dateModified\":\"2025-11-02T10:02:26+00:00\",\"breadcrumb\":{\"@id\":\"https:\\\/\\\/ovwo.artpix.ch\\\/index.php\\\/vogelschutz\\\/#breadcrumb\"},\"inLanguage\":\"de\",\"potentialAction\":[{\"@type\":\"ReadAction\",\"target\":[\"https:\\\/\\\/ovwo.artpix.ch\\\/index.php\\\/vogelschutz\\\/\"]}]},{\"@type\":\"BreadcrumbList\",\"@id\":\"https:\\\/\\\/ovwo.artpix.ch\\\/index.php\\\/vogelschutz\\\/#breadcrumb\",\"itemListElement\":[{\"@type\":\"ListItem\",\"position\":1,\"name\":\"Startseite\",\"item\":\"https:\\\/\\\/ovwo.artpix.ch\\\/\"},{\"@type\":\"ListItem\",\"position\":2,\"name\":\"Vogelschutz\"}]},{\"@type\":\"WebSite\",\"@id\":\"https:\\\/\\\/ovwo.artpix.ch\\\/#website\",\"url\":\"https:\\\/\\\/ovwo.artpix.ch\\\/\",\"name\":\"OV Wiedlisbach-Oberbipp\",\"description\":\"Ornithologischer Verein Wiedlisbach-Oberbipp und Umgebung\",\"publisher\":{\"@id\":\"https:\\\/\\\/ovwo.artpix.ch\\\/#organization\"},\"potentialAction\":[{\"@type\":\"SearchAction\",\"target\":{\"@type\":\"EntryPoint\",\"urlTemplate\":\"https:\\\/\\\/ovwo.artpix.ch\\\/?s={search_term_string}\"},\"query-input\":{\"@type\":\"PropertyValueSpecification\",\"valueRequired\":true,\"valueName\":\"search_term_string\"}}],\"inLanguage\":\"de\"},{\"@type\":\"Organization\",\"@id\":\"https:\\\/\\\/ovwo.artpix.ch\\\/#organization\",\"name\":\"OV Wiedlisbach-Oberbipp\",\"url\":\"https:\\\/\\\/ovwo.artpix.ch\\\/\",\"logo\":{\"@type\":\"ImageObject\",\"inLanguage\":\"de\",\"@id\":\"https:\\\/\\\/ovwo.artpix.ch\\\/#\\\/schema\\\/logo\\\/image\\\/\",\"url\":\"https:\\\/\\\/ovwo.artpix.ch\\\/wp-content\\\/uploads\\\/2025\\\/02\\\/logo.jpg\",\"contentUrl\":\"https:\\\/\\\/ovwo.artpix.ch\\\/wp-content\\\/uploads\\\/2025\\\/02\\\/logo.jpg\",\"width\":197,\"height\":197,\"caption\":\"OV Wiedlisbach-Oberbipp\"},\"image\":{\"@id\":\"https:\\\/\\\/ovwo.artpix.ch\\\/#\\\/schema\\\/logo\\\/image\\\/\"}}]}<\/script>\n<!-- \/ Yoast SEO plugin. -->","yoast_head_json":{"title":"Vogelschutz - OV Wiedlisbach-Oberbipp","robots":{"index":"index","follow":"follow","max-snippet":"max-snippet:-1","max-image-preview":"max-image-preview:large","max-video-preview":"max-video-preview:-1"},"canonical":"https:\/\/ovwo.artpix.ch\/index.php\/vogelschutz\/","og_locale":"de_DE","og_type":"article","og_title":"Vogelschutz - OV Wiedlisbach-Oberbipp","og_description":"Neben der Kleintierhaltung tun wir auch einiges f\u00fcr den Vogelschutz. Wir haben Nistk\u00e4sten in den W\u00e4ldern von Wiedlisbach und Oberbipp, welche wir unterhalten und j\u00e4hrlich reinigen.","og_url":"https:\/\/ovwo.artpix.ch\/index.php\/vogelschutz\/","og_site_name":"OV Wiedlisbach-Oberbipp","article_modified_time":"2025-11-02T10:02:26+00:00","twitter_card":"summary_large_image","twitter_misc":{"Gesch\u00e4tzte Lesezeit":"1\u00a0Minute"},"schema":{"@context":"https:\/\/schema.org","@graph":[{"@type":"WebPage","@id":"https:\/\/ovwo.artpix.ch\/index.php\/vogelschutz\/","url":"https:\/\/ovwo.artpix.ch\/index.php\/vogelschutz\/","name":"Vogelschutz - OV Wiedlisbach-Oberbipp","isPartOf":{"@id":"https:\/\/ovwo.artpix.ch\/#website"},"datePublished":"2025-11-02T10:02:25+00:00","dateModified":"2025-11-02T10:02:26+00:00","breadcrumb":{"@id":"https:\/\/ovwo.artpix.ch\/index.php\/vogelschutz\/#breadcrumb"},"inLanguage":"de","potentialAction":[{"@type":"ReadAction","target":["https:\/\/ovwo.artpix.ch\/index.php\/vogelschutz\/"]}]},{"@type":"BreadcrumbList","@id":"https:\/\/ovwo.artpix.ch\/index.php\/vogelschutz\/#breadcrumb","itemListElement":[{"@type":"ListItem","position":1,"name":"Startseite","item":"https:\/\/ovwo.artpix.ch\/"},{"@type":"ListItem","position":2,"name":"Vogelschutz"}]},{"@type":"WebSite","@id":"https:\/\/ovwo.artpix.ch\/#website","url":"https:\/\/ovwo.artpix.ch\/","name":"OV Wiedlisbach-Oberbipp","description":"Ornithologischer Verein Wiedlisbach-Oberbipp und Umgebung","publisher":{"@id":"https:\/\/ovwo.artpix.ch\/#organization"},"potentialAction":[{"@type":"SearchAction","target":{"@type":"EntryPoint","urlTemplate":"https:\/\/ovwo.artpix.ch\/?s={search_term_string}"},"query-input":{"@type":"PropertyValueSpecification","valueRequired":true,"valueName":"search_term_string"}}],"inLanguage":"de"},{"@type":"Organization","@id":"https:\/\/ovwo.artpix.ch\/#organization","name":"OV Wiedlisbach-Oberbipp","url":"https:\/\/ovwo.artpix.ch\/","logo":{"@type":"ImageObject","inLanguage":"de","@id":"https:\/\/ovwo.artpix.ch\/#\/schema\/logo\/image\/","url":"https:\/\/ovwo.artpix.ch\/wp-content\/uploads\/2025\/02\/logo.jpg","contentUrl":"https:\/\/ovwo.artpix.ch\/wp-content\/uploads\/2025\/02\/logo.jpg","width":197,"height":197,"caption":"OV Wiedlisbach-Oberbipp"},"image":{"@id":"https:\/\/ovwo.artpix.ch\/#\/schema\/logo\/image\/"}}]}},"_links":{"self":[{"href":"https:\/\/ovwo.artpix.ch\/index.php\/wp-json\/wp\/v2\/pages\/134","targetHints":{"allow":["GET"]}}],"collection":[{"href":"https:\/\/ovwo.artpix.ch\/index.php\/wp-json\/wp\/v2\/pages"}],"about":[{"href":"https:\/\/ovwo.artpix.ch\/index.php\/wp-json\/wp\/v2\/types\/page"}],"author":[{"embeddable":true,"href":"https:\/\/ovwo.artpix.ch\/index.php\/wp-json\/wp\/v2\/users\/1"}],"replies":[{"embeddable":true,"href":"https:\/\/ovwo.artpix.ch\/index.php\/wp-json\/wp\/v2\/comments?post=134"}],"version-history":[{"count":1,"href":"https:\/\/ovwo.artpix.ch\/index.php\/wp-json\/wp\/v2\/pages\/134\/revisions"}],"predecessor-version":[{"id":135,"href":"https:\/\/ovwo.artpix.ch\/index.php\/wp-json\/wp\/v2\/pages\/134\/revisions\/135"}],"wp:attachment":[{"href":"https:\/\/ovwo.artpix.ch\/index.php\/wp-json\/wp\/v2\/media?parent=134"}],"curies":[{"name":"wp","href":"https:\/\/api.w.org\/{rel}","templated":true}]}}